{"id":13605,"date":"2021-07-13T09:47:42","date_gmt":"2021-07-13T09:47:42","guid":{"rendered":"https:\/\/www.ipbrick.com\/privacy-policy\/"},"modified":"2023-02-09T11:18:48","modified_gmt":"2023-02-09T11:18:48","slug":"privacy-policy","status":"publish","type":"page","link":"https:\/\/www.ipbrick.com\/en\/privacy-policy\/","title":{"rendered":"Privacy Policy"},"content":{"rendered":"<p>[vc_row content_aligment=&#8221;center&#8221;][vc_column width=&#8221;1\/6&#8243; css=&#8221;.vc_custom_1560949274347{padding-right: 80px !important;padding-left: 80px !important;}&#8221;][\/vc_column][vc_column width=&#8221;2\/3&#8243; css=&#8221;.vc_custom_1579603408178{padding-right: 40px !important;padding-left: 40px !important;}&#8221;][vc_column_text css=&#8221;.vc_custom_1591695737855{padding-top: 120px !important;padding-bottom: 30px !important;}&#8221;]<\/p>\n<h4 style=\"text-align: left;\"><strong>Privacy Policy<\/strong><\/h4>\n<p>[\/vc_column_text][vc_column_text css=&#8221;.vc_custom_1591695741846{padding-bottom: 10px !important;}&#8221;]<\/p>\n<h5 style=\"text-align: left;\"><strong>1. What this Privacy Policy Covers<\/strong><\/h5>\n<p>[\/vc_column_text][vc_column_text css=&#8221;.vc_custom_1591695774790{padding-top: 10px !important;padding-bottom: 40px !important;}&#8221;]<\/p>\n<p style=\"text-align: justify;\">This IPBRICK Privacy Policy is applicable worldwide and covers how IPBRICK treats personal information collected by us through our websites. It does not apply to those sites or programs that do not display or link to this Privacy Policy or that have their own privacy statements.<\/p>\n<p>[\/vc_column_text][vc_column_text css=&#8221;.vc_custom_1591695896357{padding-bottom: 10px !important;}&#8221;]<\/p>\n<h5 style=\"text-align: left;\"><strong>2. Collection of Your Personal Information<\/strong><\/h5>\n<p>[\/vc_column_text][vc_column_text css=&#8221;.vc_custom_1579603734825{padding-top: 10px !important;padding-bottom: 10px !important;}&#8221;]<\/p>\n<p style=\"text-align: justify;\">We will always tell you before we collect any Personal Information from you. \u201cPersonal Information\u201d is any information that can be used to identify an individual, and may include, but is not limited to, name, email address, postal or other physical address, credit or debit card number, title, occupation, and other information required to provide product or service or carry out some other transaction you have requested. Information you provide is only collected and used for the purpose it was requested. Some of the reasons we collect your Personal Information include the following:<\/p>\n<p>[\/vc_column_text][vc_column_text css=&#8221;.vc_custom_1591697354926{padding-bottom: 40px !important;}&#8221;]<\/p>\n<p style=\"text-align: left;\">Registration for an account or Product registration<\/p>\n<p style=\"text-align: left;\">Requesting information about us or our Products<\/p>\n<p style=\"text-align: left;\">Use of certain features of our Products<\/p>\n<p style=\"text-align: left;\">Requesting service and support for our Products and providing such support<\/p>\n<p style=\"text-align: left;\">Coloca\u00e7\u00e3o de uma transa\u00e7\u00e3o ou ordem<\/p>\n<p style=\"text-align: left;\">Registration to attend a seminar or webinar<\/p>\n<p style=\"text-align: left;\">Participation in an online survey<\/p>\n<p style=\"text-align: left;\">Submission of an entry for a sweepstakes or other promotion<\/p>\n<p style=\"text-align: left;\">Participation in discussion groups or forum<\/p>\n<p style=\"text-align: left;\">Collaboration efforts<\/p>\n<p style=\"text-align: left;\">Registration to membership programs or newsletter subscriptions<\/p>\n<p style=\"text-align: left;\">When you apply for a job<\/p>\n<p style=\"text-align: left;\">Customizing the advertising and content you see<\/p>\n<p style=\"text-align: left;\">During online certification testing<\/p>\n<p style=\"text-align: left;\">Provision of anonymous reporting for internal and external clients<\/p>\n<p>[\/vc_column_text][vc_column_text css=&#8221;.vc_custom_1591695916541{padding-bottom: 10px !important;}&#8221;]<\/p>\n<h5 style=\"text-align: left;\"><strong>3. Uses of Your Personal Information<\/strong><\/h5>\n<p>[\/vc_column_text][vc_column_text css=&#8221;.vc_custom_1591695932004{padding-top: 10px !important;padding-bottom: 10px !important;}&#8221;]<\/p>\n<p style=\"text-align: justify;\">We will only use your Personal Information in the way specified in this Privacy Policy. Some of the ways we may use your Personal Information include the following:<\/p>\n<p>[\/vc_column_text][vc_column_text css=&#8221;.vc_custom_1591695937589{padding-bottom: 40px !important;}&#8221;]<\/p>\n<p style=\"text-align: left;\"><span style=\"color: #333333;\">To engage in transactions with you.<\/span><\/p>\n<p style=\"text-align: left;\"><span style=\"color: #333333;\">\u2022 To process your orders and deliver the Products that you have ordered.<\/span><\/p>\n<p style=\"text-align: left;\"><span style=\"color: #333333;\">To keep you up to date on the latest Product announcements, software updates, software upgrades, system enhancements, special offers, and other information.<\/span><\/p>\n<p style=\"text-align: left;\"><span style=\"color: #333333;\">To provide Product support and assistance for our Products, including the provision of security and other upgrade patches (if applicable).<\/span><\/p>\n<p style=\"text-align: left;\"><span style=\"color: #333333;\">To provide the ability to create personal profile areas and view protected content.<\/span><\/p>\n<p style=\"text-align: left;\"><span style=\"color: #333333;\">To provide the ability to contact you, and provide you with shipping and billing information.<\/span><\/p>\n<p style=\"text-align: left;\"><span style=\"color: #333333;\">To provide customer feedback and support.<\/span><\/p>\n<p style=\"text-align: left;\"><span style=\"color: #333333;\">To provide and administer contests, sweepstakes or other marketing or promotional activities on our websites.<\/span><\/p>\n<p style=\"text-align: left;\"><span style=\"color: #333333;\">To conduct questionnaires and surveys in order to provide better products and services to our customers and end users. Your completion of any questionnaires is voluntary. Your completion of any questionnaires is voluntary.<\/span><\/p>\n<p style=\"text-align: left;\"><span style=\"color: #333333;\">To support recruitment inquiries.<\/span><\/p>\n<p style=\"text-align: left;\"><span style=\"color: #333333;\">To understand more about you, so we can personalize newsletters and websites to your preferences. For example, allow you the opportunity to request specific information on products and services that may be of interest to you.<\/span><\/p>\n<p style=\"text-align: left;\"><span style=\"color: #333333;\">To allow you to forward information to another individual, such as a friend or co-worker who you believe is interested in receiving the information.<\/span><\/p>\n<p style=\"text-align: left;\"><span style=\"color: #333333;\">To administer and process your certification exams.<\/span><\/p>\n<p style=\"text-align: left;\"><span style=\"color: #333333;\">To meet legal obligations.<\/span><\/p>\n<p>[\/vc_column_text][vc_column_text css=&#8221;.vc_custom_1591696084868{padding-bottom: 10px !important;}&#8221;]<\/p>\n<h5 style=\"text-align: left;\"><strong>4. Access to and Accuracy of Your Personal Information<\/strong><\/h5>\n<p>[\/vc_column_text][vc_column_text css=&#8221;.vc_custom_1591696127875{padding-top: 10px !important;padding-bottom: 40px !important;}&#8221;]<\/p>\n<p style=\"text-align: justify;\">We need your help in keeping your Personal Information accurate and up to date. If you provide Personal Information, please notify us of any changes to your Personal Information.<\/p>\n<p>&nbsp;<\/p>\n<p style=\"text-align: justify;\">You may have the ability to view or edit your Personal Information online. In order to help prevent your Personal Information from being viewed by others, you will be required to sign in with your credentials (for example, email address and password). The appropriate method(s) for accessing your Personal Information will depend on which websites or Products you have used. You may also send us an email to info@ipbrick.com requesting the update of your Personal Information or for other requests regarding your Personal Information.<\/p>\n<p>&nbsp;<\/p>\n<p style=\"text-align: justify;\">We encourage you to utilize online updating mechanisms where available. Manual update can be time consuming, and therefore we favor online mechanisms.<\/p>\n<p>[\/vc_column_text][vc_column_text css=&#8221;.vc_custom_1591696119230{padding-bottom: 10px !important;}&#8221;]<\/p>\n<h5 style=\"text-align: left;\"><strong>5. Unsubscribe Preferences<\/strong><\/h5>\n<p>[\/vc_column_text][vc_column_text css=&#8221;.vc_custom_1591696133308{padding-top: 10px !important;padding-bottom: 40px !important;}&#8221;]<\/p>\n<p style=\"text-align: justify;\">Each promotional email from us should include instructions on how you can unsubscribe from that particular mailing.<\/p>\n<p>&nbsp;<\/p>\n<p style=\"text-align: justify;\">This may not apply to the receipt of service communications that are considered part of certain Products you use; you may receive such service communications periodically unless we are properly notified you are no longer a user of the Product.<\/p>\n<p>[\/vc_column_text][vc_column_text css=&#8221;.vc_custom_1591696209884{padding-bottom: 10px !important;}&#8221;]<\/p>\n<h5 style=\"text-align: left;\"><strong>6. Use of Cookies and other Web Technologies<\/strong><\/h5>\n<p>[\/vc_column_text][vc_column_text css=&#8221;.vc_custom_1591696218450{padding-top: 10px !important;padding-bottom: 40px !important;}&#8221;]<\/p>\n<p style=\"text-align: justify;\">See HERE Use of Cookies and other Web Technologies in IPBRICK\u2019s Terms &amp; Conditions.<\/p>\n<p>[\/vc_column_text][vc_column_text css=&#8221;.vc_custom_1591696254507{padding-bottom: 10px !important;}&#8221;]<\/p>\n<h5 style=\"text-align: left;\"><strong>7. Non-personal\/Anonymous Information Collection.<\/strong><\/h5>\n<p>[\/vc_column_text][vc_column_text css=&#8221;.vc_custom_1591696265818{padding-top: 10px !important;padding-bottom: 40px !important;}&#8221;]<\/p>\n<p style=\"text-align: justify;\">In addition, by using some of our Product, anonymous network information may be transmitted back to us such as: the health of the equipment and types of devices attached to the network. With this information we can determine how users are interacting with the Product to assist us with improving it and to provide alerts regarding available software updates\/upgrades.<\/p>\n<p>[\/vc_column_text][vc_column_text css=&#8221;.vc_custom_1591696287421{padding-bottom: 10px !important;}&#8221;]<\/p>\n<h5 style=\"text-align: left;\"><strong>8. Sharing Your Personal Information.<\/strong><\/h5>\n<p>[\/vc_column_text][vc_column_text css=&#8221;.vc_custom_1591696294306{padding-top: 10px !important;padding-bottom: 40px !important;}&#8221;]<\/p>\n<p style=\"text-align: justify;\">We do not sell, rent, share or trade your Personal Information to third parties for their marketing purposes unless you have granted us permission to do so.<\/p>\n<p>&nbsp;<\/p>\n<p style=\"text-align: justify;\">We may share your Personal Information within IPBRICK or any of our worldwide subsidiaries for purposes of data processing or storage.<\/p>\n<p>&nbsp;<\/p>\n<p style=\"text-align: justify;\">We may also share your Personal Information with business partners, service vendors, authorized third-party agents or contractors in order to offer or provide IPBRICK product or services or support a transaction you have requested, including processing and shipping orders, processing credit card transactions, hosting websites, hosting event and seminar registration and providing customer support. We only provide these third parties with the minimum amount of Personal Information necessary to complete\/provide the requested service or transaction, and the third parties are not permitted to use your Personal Information except for the limited purpose of completing\/providing the requested service or transaction.<\/p>\n<p>&nbsp;<\/p>\n<p style=\"text-align: justify;\">We may respond to subpoenas, court orders, or legal process by disclosing your Personal Information and other related information, if necessary. We also may choose to establish or exercise our legal rights or defend against legal claims and use your Personal Information in this regard as appropriate.<\/p>\n<p>&nbsp;<\/p>\n<p style=\"text-align: justify;\">We may collect and possibly share Personal Information and any other additional information available to us in order to investigate, prevent, or take action regarding illegal activities, suspected or potential fraud, brand protection matters (such as gray market sales or use of IPBRICK\u2019s trademark without a license), situations involving potential threats to the physical safety of any person, violations of IPBRICK\u2019s Customer Terms and Conditions, or as otherwise required by law.<\/p>\n<p>&nbsp;<\/p>\n<p style=\"text-align: justify;\">While navigating our websites or using our Products you may be directed to content or functionality that is hosted by a third-party supplier. This may be done to host special events, such as contests. When information is collected on behalf of IPBRICK exclusively, this IPBRICK Privacy Statement will be referenced on the website and will govern how your information is used. For other, non-IPBRICK websites, the website owner\u2019s privacy statement will be referenced.<\/p>\n<p>[\/vc_column_text][vc_column_text css=&#8221;.vc_custom_1591696337570{padding-bottom: 10px !important;}&#8221;]<\/p>\n<h5 style=\"text-align: left;\"><strong>9. Security of Your Personal Information.<\/strong><\/h5>\n<p>[\/vc_column_text][vc_column_text css=&#8221;.vc_custom_1591696344939{padding-top: 10px !important;padding-bottom: 40px !important;}&#8221;]<\/p>\n<p style=\"text-align: justify;\">IPBRICK is committed to protecting the Personal Information you share with us. Depending on the Information collected, we intend to utilize one or more industry-standard security technologies, procedures, and\/or organizational measures to help protect your Personal Information from unauthorized access, use and disclosure. However, no security method is 100% secure. Therefore, while we strive to use commercially acceptable means to protect your Personal Information, we cannot guarantee its security.<\/p>\n<p>&nbsp;<\/p>\n<p style=\"text-align: justify;\">We recommend you to take every precaution in protecting your Personal Information when you are on the Internet. For example, change your passwords often, use a combination of letters and numbers when creating passwords, make sure you use a secure browser and utilize data loss prevention technologies.<\/p>\n<p>[\/vc_column_text][vc_column_text css=&#8221;.vc_custom_1591696378010{padding-bottom: 10px !important;}&#8221;]<\/p>\n<h5 style=\"text-align: left;\"><strong>10. Linked Websites.<\/strong><\/h5>\n<p>[\/vc_column_text][vc_column_text css=&#8221;.vc_custom_1591696385833{padding-top: 10px !important;padding-bottom: 40px !important;}&#8221;]<\/p>\n<p style=\"text-align: justify;\">Our websites and Products may offer links to other third-party websites and services which are outside our control and not covered by this IPBRICK Privacy Statement. Your continued use of the IPBRICK website after any change will signify and confirm your assent to those changes. Your continued use of the IPBRICK website after any change will signify and confirm your assent to those changes.<\/p>\n<p>&nbsp;<\/p>\n<p style=\"text-align: justify;\">Our websites and Products may offer links to other third-party websites and services which are outside our control and not covered by this IPBRICK Privacy Statement. Please be aware that we are not responsible for the privacy practices of such other sites. We encourage you to review the privacy statements posted on these (and all) sites you visit.<\/p>\n<p>[\/vc_column_text][vc_column_text css=&#8221;.vc_custom_1591696400274{padding-bottom: 10px !important;}&#8221;]<\/p>\n<h5 style=\"text-align: left;\"><strong>11. Forums\/Chat Rooms<\/strong><\/h5>\n<p>[\/vc_column_text][vc_column_text css=&#8221;.vc_custom_1591696407490{padding-top: 10px !important;padding-bottom: 40px !important;}&#8221;]<\/p>\n<p style=\"text-align: justify;\">If you participate in a discussion forum or chat room on a IPBRICK website, you should be aware that the personal and other information you provide there will be made broadly available potentially inside or outside IPBRICK, who have access to that discussion forum or chat room. This personal information collected could also be used to send you unsolicited messages. Also, please recognize that individual forums and chat rooms may have additional rules and conditions. . Each participant\u2019s opinion on a forum or chat room is his or her own and should not be considered as reflecting the opinion of IPBRICK. We are not responsible for the Personal Information or any other information you choose to submit in these forums.<\/p>\n<p>&nbsp;<\/p>\n<p style=\"text-align: justify;\">We may post user testimonials, comments and reviews which may contain personal information including name, title and photograph. We do obtain user consent via email prior to posting the testimonial to post their name along with their testimonial.<\/p>\n<p>[\/vc_column_text][vc_column_text css=&#8221;.vc_custom_1591696423409{padding-bottom: 10px !important;}&#8221;]<\/p>\n<h5 style=\"text-align: left;\"><strong>12. Children\u2019s Privacy<\/strong><\/h5>\n<p>[\/vc_column_text][vc_column_text css=&#8221;.vc_custom_1591696430513{padding-top: 10px !important;padding-bottom: 40px !important;}&#8221;]<\/p>\n<p style=\"text-align: justify;\">IPBRICK does not knowingly collect Personal Information from minors. If we learn that we have collected Personal Information on a child under the age of 13, we will delete that data from our systems. IPBRICK encourages parents and guardians to go online with their children. Here are a few tips to help make a child\u2019s online experience safer:<\/p>\n<p>&nbsp;<\/p>\n<p style=\"text-align: justify;\">Teach children never to give Personal Information (such as name, address, phone number, school, etc.) unless supervised by a parent or responsible adult.<\/p>\n<p>&nbsp;<\/p>\n<p style=\"text-align: justify;\">Look for website privacy policies and know how your child\u2019s information is treated.<\/p>\n<p>[\/vc_column_text][vc_column_text css=&#8221;.vc_custom_1591696458339{padding-bottom: 10px !important;}&#8221;]<\/p>\n<h5 style=\"text-align: left;\"><strong>13. Consent to Transfer, Processing and Storage of Personal Information<\/strong><\/h5>\n<p>[\/vc_column_text][vc_column_text css=&#8221;.vc_custom_1591696467321{padding-top: 10px !important;padding-bottom: 40px !important;}&#8221;]<\/p>\n<p style=\"text-align: justify;\">We may transfer your Personal Information to IPBRICK in Portugal, to any IPBRICK subsidiary worldwide, or to third parties acting on our behalf, for the purposes of processing or storage, including for offering or providing IPBRICK services to you. By providing any Personal Information to us you fully understand and unambiguously consent to the transfer, processing and storage of such information.<\/p>\n<p>[\/vc_column_text][vc_column_text css=&#8221;.vc_custom_1591696494137{padding-bottom: 10px !important;}&#8221;]<\/p>\n<h5 style=\"text-align: left;\"><strong>14. Compliance Issues<\/strong><\/h5>\n<p>[\/vc_column_text][vc_column_text css=&#8221;.vc_custom_1591696501489{padding-top: 10px !important;padding-bottom: 40px !important;}&#8221;]<\/p>\n<p style=\"text-align: justify;\">If you believe your personal information has been used in a way that is not consistent with this policy or your preferences, please contact IPBRICK headquarters in writing at the following address:<\/p>\n<p>&nbsp;<\/p>\n<p style=\"text-align: justify;\">IPBRICK Distribution | Avenida da Fran\u00e7a, 821 | 4250-214 Porto | Portugal<\/p>\n<p>[\/vc_column_text][vc_column_text css=&#8221;.vc_custom_1591696649335{padding-bottom: 10px !important;}&#8221;]<\/p>\n<h5 style=\"text-align: left;\"><strong>15. Applicable Law<\/strong><\/h5>\n<p>[\/vc_column_text][vc_column_text css=&#8221;.vc_custom_1591696660079{padding-top: 10px !important;padding-bottom: 40px !important;}&#8221;]<\/p>\n<p style=\"text-align: justify;\">This Privacy Policy constitutes the entire understanding between IPBRICK and you regarding the privacy of Information provided to IPBRICK. Except as otherwise provided by law, no additional terms or waiver will be implied or effective as to you except in a writing signed by an authorized representative of IPBRICK.<\/p>\n<p>[\/vc_column_text][vc_column_text css=&#8221;.vc_custom_1591696685537{padding-bottom: 10px !important;}&#8221;]<\/p>\n<h5 style=\"text-align: left;\"><strong>16. Updates to this IPBRICK Privacy Policy<\/strong><\/h5>\n<p>[\/vc_column_text][vc_column_text css=&#8221;.vc_custom_1591696689200{padding-top: 10px !important;padding-bottom: 60px !important;}&#8221;]<\/p>\n<p style=\"text-align: justify;\">IPBRICK Distribution may update this privacy statement at any time. We will post a notice to this policy whenever this privacy statement is materially changed so that you are aware of what information we collect, how we use it, and under what circumstances, if any, we disclose it. Your continued use of the IPBRICK website after any change will signify and confirm your assent to those changes.<\/p>\n<p>[\/vc_column_text][\/vc_column][vc_column width=&#8221;1\/6&#8243;][\/vc_column][\/vc_row]<\/p>\n","protected":false},"excerpt":{"rendered":"<p>[vc_row content_aligment=&#8221;center&#8221;][vc_column width=&#8221;1\/6&#8243; css=&#8221;.vc_custom_1560949274347{padding-right: 80px !important;padding-left: 80px !important;}&#8221;][\/vc_column][vc_column width=&#8221;2\/3&#8243; css=&#8221;.vc_custom_1579603408178{padding-right: 40px !important;padding-left: 40px !important;}&#8221;][vc_column_text css=&#8221;.vc_custom_1591695737855{padding-top: 120px !important;padding-bottom: 30px !important;}&#8221;] Privacy Policy&#8230;<\/p>\n","protected":false},"author":9,"featured_media":0,"parent":0,"menu_order":0,"comment_status":"closed","ping_status":"closed","template":"full-width.php","meta":{"footnotes":""},"yoast_head":"<!-- This site is optimized with the Yoast SEO plugin v14.2 - https:\/\/yoast.com\/wordpress\/plugins\/seo\/ -->\n<title>Privacy Policy - IPBRICK<\/title>\n<meta name=\"robots\" content=\"index, follow\" \/>\n<meta name=\"googlebot\" content=\"index, follow, max-snippet:-1, max-image-preview:large, max-video-preview:-1\" \/>\n<meta name=\"bingbot\" content=\"index, follow, max-snippet:-1, max-image-preview:large, max-video-preview:-1\" \/>\n<link rel=\"canonical\" href=\"https:\/\/www.ipbrick.com\/en\/privacy-policy\/\" \/>\n<meta property=\"og:locale\" content=\"en_US\" \/>\n<meta property=\"og:type\" content=\"article\" \/>\n<meta property=\"og:title\" content=\"Privacy Policy - IPBRICK\" \/>\n<meta property=\"og:description\" content=\"[vc_row content_aligment=&#8221;center&#8221;][vc_column width=&#8221;1\/6&#8243; css=&#8221;.vc_custom_1560949274347{padding-right: 80px !important;padding-left: 80px !important;}&#8221;][\/vc_column][vc_column width=&#8221;2\/3&#8243; css=&#8221;.vc_custom_1579603408178{padding-right: 40px !important;padding-left: 40px !important;}&#8221;][vc_column_text css=&#8221;.vc_custom_1591695737855{padding-top: 120px !important;padding-bottom: 30px !important;}&#8221;] Privacy Policy...\" \/>\n<meta property=\"og:url\" content=\"https:\/\/www.ipbrick.com\/en\/privacy-policy\/\" \/>\n<meta property=\"og:site_name\" content=\"IPBRICK\" \/>\n<meta property=\"article:publisher\" content=\"https:\/\/www.facebook.com\/IPBRICKSA\" \/>\n<meta property=\"article:modified_time\" content=\"2023-02-09T11:18:48+00:00\" \/>\n<meta name=\"twitter:card\" content=\"summary_large_image\" \/>\n<meta name=\"twitter:creator\" content=\"@IPBrick\" \/>\n<meta name=\"twitter:site\" content=\"@IPBrick\" \/>\n<script type=\"application\/ld+json\" class=\"yoast-schema-graph\">{\"@context\":\"https:\/\/schema.org\",\"@graph\":[{\"@type\":\"Organization\",\"@id\":\"https:\/\/www.ipbrick.com\/en\/#organization\",\"name\":\"IPBRICK\",\"url\":\"https:\/\/www.ipbrick.com\/en\/\",\"sameAs\":[\"https:\/\/www.facebook.com\/IPBRICKSA\",\"https:\/\/www.instagram.com\/ipbricksa\",\"https:\/\/www.linkedin.com\/company\/ipbrick-international\",\"https:\/\/www.youtube.com\/ipbricksa\",\"https:\/\/twitter.com\/IPBrick\"],\"logo\":{\"@type\":\"ImageObject\",\"@id\":\"https:\/\/www.ipbrick.com\/en\/#logo\",\"inLanguage\":\"en-US\",\"url\":\"https:\/\/www.ipbrick.com\/wp-content\/uploads\/2019\/05\/ipbrick.png\",\"width\":360,\"height\":63,\"caption\":\"IPBRICK\"},\"image\":{\"@id\":\"https:\/\/www.ipbrick.com\/en\/#logo\"}},{\"@type\":\"WebSite\",\"@id\":\"https:\/\/www.ipbrick.com\/en\/#website\",\"url\":\"https:\/\/www.ipbrick.com\/en\/\",\"name\":\"IPBRICK\",\"description\":\"Corporate Communication Solutions\",\"publisher\":{\"@id\":\"https:\/\/www.ipbrick.com\/en\/#organization\"},\"potentialAction\":[{\"@type\":\"SearchAction\",\"target\":\"https:\/\/www.ipbrick.com\/en\/?s={search_term_string}\",\"query-input\":\"required name=search_term_string\"}],\"inLanguage\":\"en-US\"},{\"@type\":\"WebPage\",\"@id\":\"https:\/\/www.ipbrick.com\/en\/privacy-policy\/#webpage\",\"url\":\"https:\/\/www.ipbrick.com\/en\/privacy-policy\/\",\"name\":\"Privacy Policy - IPBRICK\",\"isPartOf\":{\"@id\":\"https:\/\/www.ipbrick.com\/en\/#website\"},\"datePublished\":\"2021-07-13T09:47:42+00:00\",\"dateModified\":\"2023-02-09T11:18:48+00:00\",\"inLanguage\":\"en-US\",\"potentialAction\":[{\"@type\":\"ReadAction\",\"target\":[\"https:\/\/www.ipbrick.com\/en\/privacy-policy\/\"]}]}]}<\/script>\n<!-- \/ Yoast SEO plugin. -->","_links":{"self":[{"href":"https:\/\/www.ipbrick.com\/en\/wp-json\/wp\/v2\/pages\/13605"}],"collection":[{"href":"https:\/\/www.ipbrick.com\/en\/wp-json\/wp\/v2\/pages"}],"about":[{"href":"https:\/\/www.ipbrick.com\/en\/wp-json\/wp\/v2\/types\/page"}],"author":[{"embeddable":true,"href":"https:\/\/www.ipbrick.com\/en\/wp-json\/wp\/v2\/users\/9"}],"replies":[{"embeddable":true,"href":"https:\/\/www.ipbrick.com\/en\/wp-json\/wp\/v2\/comments?post=13605"}],"version-history":[{"count":3,"href":"https:\/\/www.ipbrick.com\/en\/wp-json\/wp\/v2\/pages\/13605\/revisions"}],"predecessor-version":[{"id":15554,"href":"https:\/\/www.ipbrick.com\/en\/wp-json\/wp\/v2\/pages\/13605\/revisions\/15554"}],"wp:attachment":[{"href":"https:\/\/www.ipbrick.com\/en\/wp-json\/wp\/v2\/media?parent=13605"}],"curies":[{"name":"wp","href":"https:\/\/api.w.org\/{rel}","templated":true}]}}